{"id":53,"date":"2019-07-27T13:57:43","date_gmt":"2019-07-27T10:57:43","guid":{"rendered":"http:\/\/citcitfiyatlari.net\/?page_id=53"},"modified":"2019-07-27T13:57:43","modified_gmt":"2019-07-27T10:57:43","slug":"cit-cit-sac-dikimi","status":"publish","type":"page","link":"http:\/\/citcitfiyatlari.net\/index.php\/cit-cit-sac-dikimi\/","title":{"rendered":"\u00c7\u0131t \u00c7\u0131t Sa\u00e7 Dikimi"},"content":{"rendered":"\n<h2 class=\"wp-block-heading\">\u00c7\u0131t \u00c7\u0131t Sa\u00e7 Modelleri \u0130ste\u011fe \u00d6zel \u00c7\u0131t \u00c7\u0131t Sa\u00e7 Dikimi Yap\u0131lmaktad\u0131r.<\/h2>\n\n\n\n<ul class=\"wp-block-list\"><li>Elinizde kendi sa\u00e7\u0131n\u0131zm\u0131 var?<\/li><li>Sa\u00e7 Kaynaklar\u0131n\u0131z\u0131 \u00c7\u0131kard\u0131n\u0131z ve Bu Sa\u00e7lar\u0131 \u00c7\u0131t \u00c7\u0131t Olarak Diktirmek \u0130stiyorsunuz?<\/li><li>Aile bireylerinizden birisinin sa\u00e7lar\u0131 kesildi ve bunlar\u0131 \u00e7\u0131t \u00e7\u0131t sa\u00e7 olarak diktirmek mi istiyorsunuz?<\/li><\/ul>\n\n\n\n<p>Sa\u00e7lar\u0131n\u0131z\u0131 T\u00fcrkiye\u2019nin neresinde olursan\u0131z olun <strong><a href=\"http:\/\/www.citcitfiyatlari.net\/iletisim\">ileti\u015fim<\/a><\/strong>  b\u00f6l\u00fcm\u00fcndeki adrese bize kargo ile yollay\u0131n 1 g\u00fcn i\u00e7erisinde size ham  sa\u00e7lar\u0131n\u0131z\u0131 \u00e7\u0131t \u00e7\u0131t sa\u00e7 olarak haz\u0131rlanm\u0131\u015f olarak haz\u0131rlayal\u0131m.<\/p>\n\n\n\n<h2 class=\"wp-block-heading\">\u00c7\u0131t \u00c7\u0131t Sa\u00e7 Dikim \u00dc\u00e7reti \u0130\u00e7in <a href=\"http:\/\/www.citcitfiyatlari.net\/iletisim\">\u0130leti\u015fim <\/a>B\u00f6l\u00fcm\u00fcndeki Numaralar\u0131m\u0131zdan Bize Ula\u015f\u0131n.<\/h2>\n\n\n\n<p><\/p>\n","protected":false},"excerpt":{"rendered":"<p>\u00c7\u0131t \u00c7\u0131t Sa\u00e7 Modelleri \u0130ste\u011fe \u00d6zel \u00c7\u0131t \u00c7\u0131t Sa\u00e7 Dikimi Yap\u0131lmaktad\u0131r. Elinizde kendi sa\u00e7\u0131n\u0131zm\u0131 var? Sa\u00e7 Kaynaklar\u0131n\u0131z\u0131 \u00c7\u0131kard\u0131n\u0131z ve Bu Sa\u00e7lar\u0131 \u00c7\u0131t \u00c7\u0131t Olarak Diktirmek \u0130stiyorsunuz? Aile bireylerinizden birisinin sa\u00e7lar\u0131 kesildi ve bunlar\u0131 \u00e7\u0131t \u00e7\u0131t sa\u00e7 olarak diktirmek mi istiyorsunuz? Sa\u00e7lar\u0131n\u0131z\u0131 T\u00fcrkiye\u2019nin neresinde olursan\u0131z olun ileti\u015fim b\u00f6l\u00fcm\u00fcndeki<\/p>\n","protected":false},"author":1,"featured_media":0,"parent":0,"menu_order":0,"comment_status":"closed","ping_status":"closed","template":"","meta":{"footnotes":""},"class_list":["post-53","page","type-page","status-publish","hentry"],"_links":{"self":[{"href":"http:\/\/citcitfiyatlari.net\/index.php\/wp-json\/wp\/v2\/pages\/53","targetHints":{"allow":["GET"]}}],"collection":[{"href":"http:\/\/citcitfiyatlari.net\/index.php\/wp-json\/wp\/v2\/pages"}],"about":[{"href":"http:\/\/citcitfiyatlari.net\/index.php\/wp-json\/wp\/v2\/types\/page"}],"author":[{"embeddable":true,"href":"http:\/\/citcitfiyatlari.net\/index.php\/wp-json\/wp\/v2\/users\/1"}],"replies":[{"embeddable":true,"href":"http:\/\/citcitfiyatlari.net\/index.php\/wp-json\/wp\/v2\/comments?post=53"}],"version-history":[{"count":1,"href":"http:\/\/citcitfiyatlari.net\/index.php\/wp-json\/wp\/v2\/pages\/53\/revisions"}],"predecessor-version":[{"id":55,"href":"http:\/\/citcitfiyatlari.net\/index.php\/wp-json\/wp\/v2\/pages\/53\/revisions\/55"}],"wp:attachment":[{"href":"http:\/\/citcitfiyatlari.net\/index.php\/wp-json\/wp\/v2\/media?parent=53"}],"curies":[{"name":"wp","href":"https:\/\/api.w.org\/{rel}","templated":true}]}}