{"id":31,"date":"2019-07-27T13:49:14","date_gmt":"2019-07-27T10:49:14","guid":{"rendered":"http:\/\/citcitfiyatlari.net\/?page_id=31"},"modified":"2019-08-27T18:24:03","modified_gmt":"2019-08-27T15:24:03","slug":"sac-kaynak","status":"publish","type":"page","link":"http:\/\/citcitfiyatlari.net\/index.php\/sac-kaynak\/","title":{"rendered":"Sa\u00e7 Kaynak"},"content":{"rendered":"\n<h1 class=\"wp-block-heading\"><strong><a href=\"http:\/\/www.citcitfiyatlari.net\/sac-kaynagi-sac-kaynak\">Sa\u00e7 Kaynak<\/a><\/strong> &amp; <strong>Sa\u00e7 Kayna\u011f\u0131<\/strong>&nbsp; <strong><a href=\"https:\/\/web.archive.org\/web\/20170112142907\/http:\/\/www.citcitfiyatlari.net\/wp-content\/uploads\/2010\/10\/sac-kaynak.jpg\" rel=\"wp-prettyPhoto[31]\"><\/a><\/strong>Sach Sa\u00e7 Kaynak Merkezi &nbsp; <\/h1>\n\n\n\n<p>Sa\u00e7 Uzatmak bazen s\u0131k s\u0131k yap\u0131lan hatal\u0131 R\u00f6fle, A\u00e7ma Boyama i\u015flemleri  yada farkl\u0131 nedenlerden dolay\u0131 imkans\u0131z hale&nbsp; gelebilir. Bu gibi  durumlarda<strong> Uzun Sa\u00e7lara<\/strong>sahip olman\u0131n ve sa\u00e7 uzatma y\u00f6ntemleri arar dururuz ve kar\u015f\u0131m\u0131z <strong><a href=\"http:\/\/www.citcitfiyatlari.net\/cit-cit\">\u00c7\u0131t \u00c7\u0131t<\/a> Sa\u00e7<\/strong>, <strong><a href=\"http:\/\/www.citcitfiyatlari.net\/postis\">Posti\u015f<\/a><\/strong> ve <strong>Sa\u00e7 Kaynaklar\u0131<\/strong> ile kar\u015f\u0131la\u015f\u0131r\u0131z.<\/p>\n\n\n\n<div class=\"wp-block-image\"><figure class=\"alignright\"><img loading=\"lazy\" decoding=\"async\" width=\"237\" height=\"300\" src=\"http:\/\/citcitfiyatlari.net\/wp-content\/uploads\/2019\/07\/hair_extensions-237x300.jpg\" alt=\"\" class=\"wp-image-32\"\/><figcaption>Sach Sa\u00e7 Kaynak Merkezi<\/figcaption><\/figure><\/div>\n\n\n\n<h2 class=\"wp-block-heading\"><strong>Sa\u00e7 Kaynak \u00c7e\u015fitleri<\/strong><\/h2>\n\n\n\n<ul class=\"wp-block-list\"><li><a href=\"http:\/\/www.citcitfiyatlari.net\/boncuk-kaynak\">Boncuk Kaynak<\/a><\/li><li>Keratin Kaynak<\/li><li>Lazer Sa\u00e7 Kaynak<\/li><li>Ultra Sonic Sa\u00e7 Kayna\u011f\u0131<\/li><li>Tress Sa\u00e7 Kaynak<\/li><li>Halka Sa\u00e7 Kayna\u011f\u0131<\/li><li>Tube Sa\u00e7 Kaynak<\/li><li>Perde Kaynak<\/li><li>\u00d6rg\u00fc Sa\u00e7 Kayna\u011f\u0131<\/li><li>Mikro bant Sa\u00e7 Kaynak<\/li><li><\/li><\/ul>\n\n\n\n<h2 class=\"wp-block-heading\">Peki nedir bu Sa\u00e7 Kayna\u011f\u0131<\/h2>\n\n\n\n<div class=\"wp-block-image\"><figure class=\"alignleft\"><img loading=\"lazy\" decoding=\"async\" width=\"225\" height=\"300\" src=\"http:\/\/citcitfiyatlari.net\/wp-content\/uploads\/2019\/07\/sac-kaynak-225x300.jpg\" alt=\"\" class=\"wp-image-33\"\/><figcaption>Sach Sa\u00e7 Kaynak Merkezi<\/figcaption><\/figure><\/div>\n\n\n\n<ol class=\"wp-block-list\"><li>Sa\u00e7 Kaynak Ne \u0130\u015fe Yarar?<\/li><li>Sa\u00e7 Kayna\u011f\u0131 Hangi Tip Sa\u00e7lara Uygundur?<\/li><li>Sa\u00e7 Kayna\u011f\u0131n\u0131n Zararlar\u0131 varm\u0131d\u0131r?<\/li><li>Sa\u00e7 Kayna\u011f\u0131 Kimlere Yap\u0131lmal\u0131?<\/li><li>Sa\u00e7 Kaynak \u00c7e\u015fitleri nelerdir?<\/li><li>Sa\u00e7\u0131ma Uygun En \u0130yi Sa\u00e7 Kayna\u011f\u0131 Hangisi?<\/li><li>K\u0131sa Sa\u00e7a Kaynak Yap\u0131l\u0131rm\u0131?<\/li><li>Boncuk Kaynak \u0130le Halka Kaynak Aras\u0131ndaki Fark Nedir?<\/li><li>Keratin Kaynak Sa\u00e7\u0131 D\u00f6kermi?<\/li><li>Keratin Kaynakm\u0131 Halka Kaynakm\u0131 iyi?<\/li><li>Sa\u00e7 Kayna\u011f\u0131n\u0131n Bak\u0131m\u0131 Nas\u0131l Olmal\u0131?<\/li><li>Sa\u00e7 Kayna\u011f\u0131n\u0131 Ne Kadar Zamanda Bir Yenilemem Gerekir?<\/li><li>Sa\u00e7 Kaynak Fiyatlar\u0131 Neye G\u00f6re De\u011fi\u015fir?<br>\n<\/li><\/ol>\n\n\n\n<p>Bu Sorular\u0131n Hepsini Bu Sitede Yan\u0131tlayaca\u011f\u0131z.<\/p>\n\n\n\n<p>Sa\u00e7 Kayna\u011f\u0131 \u0130le akl\u0131n\u0131za Tak\u0131lan Sorular\u0131 Burada yorum \u015feklinde sorabilir cevaplar\u0131n\u0131z\u0131 an\u0131nda \u00e7ok h\u0131zl\u0131 bir \u015fekilde al\u0131rs\u0131n\u0131z.<\/p>\n","protected":false},"excerpt":{"rendered":"<p>Sa\u00e7 Kaynak &amp; Sa\u00e7 Kayna\u011f\u0131&nbsp; Sach Sa\u00e7 Kaynak Merkezi &nbsp; Sa\u00e7 Uzatmak bazen s\u0131k s\u0131k yap\u0131lan hatal\u0131 R\u00f6fle, A\u00e7ma Boyama i\u015flemleri yada farkl\u0131 nedenlerden dolay\u0131 imkans\u0131z hale&nbsp; gelebilir. Bu gibi durumlarda Uzun Sa\u00e7larasahip olman\u0131n ve sa\u00e7 uzatma y\u00f6ntemleri arar dururuz ve kar\u015f\u0131m\u0131z \u00c7\u0131t \u00c7\u0131t Sa\u00e7, Posti\u015f ve<\/p>\n","protected":false},"author":1,"featured_media":0,"parent":0,"menu_order":0,"comment_status":"closed","ping_status":"closed","template":"","meta":{"footnotes":""},"class_list":["post-31","page","type-page","status-publish","hentry"],"_links":{"self":[{"href":"http:\/\/citcitfiyatlari.net\/index.php\/wp-json\/wp\/v2\/pages\/31","targetHints":{"allow":["GET"]}}],"collection":[{"href":"http:\/\/citcitfiyatlari.net\/index.php\/wp-json\/wp\/v2\/pages"}],"about":[{"href":"http:\/\/citcitfiyatlari.net\/index.php\/wp-json\/wp\/v2\/types\/page"}],"author":[{"embeddable":true,"href":"http:\/\/citcitfiyatlari.net\/index.php\/wp-json\/wp\/v2\/users\/1"}],"replies":[{"embeddable":true,"href":"http:\/\/citcitfiyatlari.net\/index.php\/wp-json\/wp\/v2\/comments?post=31"}],"version-history":[{"count":2,"href":"http:\/\/citcitfiyatlari.net\/index.php\/wp-json\/wp\/v2\/pages\/31\/revisions"}],"predecessor-version":[{"id":83,"href":"http:\/\/citcitfiyatlari.net\/index.php\/wp-json\/wp\/v2\/pages\/31\/revisions\/83"}],"wp:attachment":[{"href":"http:\/\/citcitfiyatlari.net\/index.php\/wp-json\/wp\/v2\/media?parent=31"}],"curies":[{"name":"wp","href":"https:\/\/api.w.org\/{rel}","templated":true}]}}